{"id":985,"date":"2025-03-29T19:31:04","date_gmt":"2025-03-29T18:31:04","guid":{"rendered":"http:\/\/rezoo-asso.fr\/?page_id=985"},"modified":"2025-03-30T11:46:14","modified_gmt":"2025-03-30T09:46:14","slug":"mentions-2","status":"publish","type":"page","link":"http:\/\/rezoo-asso.fr\/?page_id=985","title":{"rendered":"Mentions"},"content":{"rendered":"<style>.kb-row-layout-id985_31b2de-2a > .kt-row-column-wrap{align-content:center;}:where(.kb-row-layout-id985_31b2de-2a > .kt-row-column-wrap) > .wp-block-kadence-column{justify-content:center;}.kb-row-layout-id985_31b2de-2a > .kt-row-column-wrap{column-gap:var(--global-kb-gap-lg, 4rem);row-gap:var(--global-kb-gap-md, 2rem);max-width:var( --global-content-width, 1290px );padding-left:var(--global-content-edge-padding);padding-right:var(--global-content-edge-padding);padding-top:var(--global-kb-spacing-xxs, 0.5rem);padding-bottom:var(--global-kb-spacing-xxs, 0.5rem);grid-template-columns:repeat(2, minmax(0, 1fr));}.kb-row-layout-id985_31b2de-2a > .kt-row-layout-overlay{opacity:0.30;}.kb-row-layout-id985_31b2de-2a .kt-row-layout-bottom-sep{height:100px;}.kb-row-layout-id985_31b2de-2a .kt-row-layout-bottom-sep svg{width:100%;}.kb-row-layout-id985_31b2de-2a .kt-row-layout-bottom-sep svg{fill:#ffffff!important;}@media all and (max-width: 1024px){.kb-row-layout-id985_31b2de-2a > .kt-row-column-wrap{grid-template-columns:repeat(2, minmax(0, 1fr));}}@media all and (max-width: 1024px){.kb-row-layout-id985_31b2de-2a .kt-row-layout-bottom-sep{height:80px;}}@media all and (max-width: 1024px){.kb-row-layout-id985_31b2de-2a .kt-row-layout-bottom-sep svg{width:%;}}@media all and (max-width: 767px){.kb-row-layout-id985_31b2de-2a > .kt-row-column-wrap{padding-top:var(--global-kb-spacing-3xl, 6.5rem);padding-bottom:var(--global-kb-spacing-3xl, 6.5rem);grid-template-columns:minmax(0, 1fr);}.kb-row-layout-id985_31b2de-2a .kt-row-layout-bottom-sep{height:60px;}.kb-row-layout-id985_31b2de-2a .kt-row-layout-bottom-sep svg{width:%;}}<\/style><div class=\"kb-row-layout-wrap kb-row-layout-id985_31b2de-2a alignfull has-theme-palette8-background-color kt-row-has-bg wp-block-kadence-rowlayout\"><div class=\"kt-row-column-wrap kt-has-2-columns kt-row-layout-equal kt-tab-layout-inherit kt-mobile-layout-row kt-row-valign-middle kb-theme-content-width\">\n<style>.kadence-column985_f8d722-19 > .kt-inside-inner-col,.kadence-column985_f8d722-19 > .kt-inside-inner-col:before{border-top-left-radius:0px;border-top-right-radius:0px;border-bottom-right-radius:0px;border-bottom-left-radius:0px;}.kadence-column985_f8d722-19 > .kt-inside-inner-col{column-gap:var(--global-kb-gap-sm, 1rem);}.kadence-column985_f8d722-19 > .kt-inside-inner-col{flex-direction:column;}.kadence-column985_f8d722-19 > .kt-inside-inner-col > .aligncenter{width:100%;}.kadence-column985_f8d722-19 > .kt-inside-inner-col:before{opacity:0.3;}.kadence-column985_f8d722-19{position:relative;}@media all and (max-width: 1024px){.kadence-column985_f8d722-19 > .kt-inside-inner-col{flex-direction:column;justify-content:center;}}@media all and (max-width: 767px){.kadence-column985_f8d722-19 > .kt-inside-inner-col{flex-direction:column;justify-content:center;}}<\/style>\n<div class=\"wp-block-kadence-column kadence-column985_f8d722-19 inner-column-1\"><div class=\"kt-inside-inner-col\">\n<figure class=\"wp-block-image size-large\"><img loading=\"lazy\" decoding=\"async\" width=\"1024\" height=\"282\" src=\"http:\/\/rezoo-asso.fr\/wp-content\/uploads\/2025\/03\/logotype-web-1-1024x282.png\" alt=\"\" class=\"wp-image-720\" srcset=\"http:\/\/rezoo-asso.fr\/wp-content\/uploads\/2025\/03\/logotype-web-1-1024x282.png 1024w, http:\/\/rezoo-asso.fr\/wp-content\/uploads\/2025\/03\/logotype-web-1-300x83.png 300w, http:\/\/rezoo-asso.fr\/wp-content\/uploads\/2025\/03\/logotype-web-1-768x211.png 768w, http:\/\/rezoo-asso.fr\/wp-content\/uploads\/2025\/03\/logotype-web-1.png 1080w\" sizes=\"auto, (max-width: 1024px) 100vw, 1024px\" \/><\/figure>\n<\/div><\/div>\n\n\n<style>.kadence-column985_437128-15 > .kt-inside-inner-col{display:flex;}.kadence-column985_437128-15 > .kt-inside-inner-col,.kadence-column985_437128-15 > .kt-inside-inner-col:before{border-top-left-radius:0px;border-top-right-radius:0px;border-bottom-right-radius:0px;border-bottom-left-radius:0px;}.kadence-column985_437128-15 > .kt-inside-inner-col{column-gap:var(--global-kb-gap-sm, 1rem);}.kadence-column985_437128-15 > .kt-inside-inner-col{flex-direction:column;justify-content:center;}.kadence-column985_437128-15 > .kt-inside-inner-col > .aligncenter{width:100%;}.kt-row-column-wrap > .kadence-column985_437128-15{align-self:center;}.kt-inner-column-height-full:not(.kt-has-1-columns) > .wp-block-kadence-column.kadence-column985_437128-15{align-self:auto;}.kt-inner-column-height-full:not(.kt-has-1-columns) > .wp-block-kadence-column.kadence-column985_437128-15 > .kt-inside-inner-col{flex-direction:column;justify-content:center;}.kadence-column985_437128-15 > .kt-inside-inner-col:before{opacity:0.3;}.kadence-column985_437128-15{position:relative;}@media all and (max-width: 1024px){.kt-row-column-wrap > .kadence-column985_437128-15{align-self:center;}}@media all and (max-width: 1024px){.kt-inner-column-height-full:not(.kt-has-1-columns) > .wp-block-kadence-column.kadence-column985_437128-15{align-self:auto;}}@media all and (max-width: 1024px){.kt-inner-column-height-full:not(.kt-has-1-columns) > .wp-block-kadence-column.kadence-column985_437128-15 > .kt-inside-inner-col{flex-direction:column;justify-content:center;}}@media all and (max-width: 1024px){.kadence-column985_437128-15 > .kt-inside-inner-col{flex-direction:column;justify-content:center;}}@media all and (max-width: 767px){.kt-row-column-wrap > .kadence-column985_437128-15{align-self:center;}.kt-inner-column-height-full:not(.kt-has-1-columns) > .wp-block-kadence-column.kadence-column985_437128-15{align-self:auto;}.kt-inner-column-height-full:not(.kt-has-1-columns) > .wp-block-kadence-column.kadence-column985_437128-15 > .kt-inside-inner-col{flex-direction:column;justify-content:center;}.kadence-column985_437128-15 > .kt-inside-inner-col{flex-direction:column;justify-content:center;}}<\/style>\n<div class=\"wp-block-kadence-column kadence-column985_437128-15\"><div class=\"kt-inside-inner-col\"><div class=\"wp-block-image\">\n<figure class=\"aligncenter size-full is-resized\"><img loading=\"lazy\" decoding=\"async\" width=\"1110\" height=\"820\" src=\"http:\/\/rezoo-asso.fr\/wp-content\/uploads\/2025\/03\/Ours.png\" alt=\"\" class=\"wp-image-903\" style=\"width:286px;height:auto\" srcset=\"http:\/\/rezoo-asso.fr\/wp-content\/uploads\/2025\/03\/Ours.png 1110w, http:\/\/rezoo-asso.fr\/wp-content\/uploads\/2025\/03\/Ours-300x222.png 300w, http:\/\/rezoo-asso.fr\/wp-content\/uploads\/2025\/03\/Ours-1024x756.png 1024w, http:\/\/rezoo-asso.fr\/wp-content\/uploads\/2025\/03\/Ours-768x567.png 768w\" sizes=\"auto, (max-width: 1110px) 100vw, 1110px\" \/><\/figure>\n<\/div><\/div><\/div>\n\n<\/div><\/div>\n\n<style>.kb-row-layout-id985_d8cd0d-d7 > .kt-row-column-wrap{align-content:start;}:where(.kb-row-layout-id985_d8cd0d-d7 > .kt-row-column-wrap) > .wp-block-kadence-column{justify-content:start;}.kb-row-layout-id985_d8cd0d-d7 > .kt-row-column-wrap{column-gap:var(--global-kb-gap-md, 2rem);row-gap:var(--global-kb-gap-md, 2rem);max-width:750px;margin-left:auto;margin-right:auto;padding-top:var(--global-kb-spacing-xl, 4rem);padding-bottom:0px;grid-template-columns:minmax(0, 1fr);}.kb-row-layout-id985_d8cd0d-d7 > .kt-row-layout-overlay{opacity:0.00;}@media all and (max-width: 1024px){.kb-row-layout-id985_d8cd0d-d7 > .kt-row-column-wrap{grid-template-columns:minmax(0, 1fr);}}@media all and (max-width: 767px){.kb-row-layout-id985_d8cd0d-d7 > .kt-row-column-wrap{grid-template-columns:minmax(0, 1fr);}}<\/style><div class=\"kb-row-layout-wrap kb-row-layout-id985_d8cd0d-d7 alignfull has-theme-palette9-background-color kt-row-has-bg wp-block-kadence-rowlayout\"><div class=\"kt-row-column-wrap kt-has-1-columns kt-row-layout-equal kt-tab-layout-inherit kt-mobile-layout-row kt-row-valign-top\">\n<style>.kadence-column985_f7291c-cc > .kt-inside-inner-col,.kadence-column985_f7291c-cc > .kt-inside-inner-col:before{border-top-left-radius:0px;border-top-right-radius:0px;border-bottom-right-radius:0px;border-bottom-left-radius:0px;}.kadence-column985_f7291c-cc > .kt-inside-inner-col{column-gap:var(--global-kb-gap-sm, 1rem);}.kadence-column985_f7291c-cc > .kt-inside-inner-col{flex-direction:column;}.kadence-column985_f7291c-cc > .kt-inside-inner-col > .aligncenter{width:100%;}.kadence-column985_f7291c-cc > .kt-inside-inner-col:before{opacity:0.3;}.kadence-column985_f7291c-cc{position:relative;}@media all and (max-width: 1024px){.kadence-column985_f7291c-cc > .kt-inside-inner-col{flex-direction:column;justify-content:center;}}@media all and (max-width: 767px){.kadence-column985_f7291c-cc > .kt-inside-inner-col{flex-direction:column;justify-content:center;}}<\/style>\n<div class=\"wp-block-kadence-column kadence-column985_f7291c-cc inner-column-1\"><div class=\"kt-inside-inner-col\"><style>.wp-block-kadence-advancedheading.kt-adv-heading985_62b525-e0, .wp-block-kadence-advancedheading.kt-adv-heading985_62b525-e0[data-kb-block=\"kb-adv-heading985_62b525-e0\"]{text-align:center;font-style:normal;}.wp-block-kadence-advancedheading.kt-adv-heading985_62b525-e0 mark.kt-highlight, .wp-block-kadence-advancedheading.kt-adv-heading985_62b525-e0[data-kb-block=\"kb-adv-heading985_62b525-e0\"] mark.kt-highlight{font-style:normal;color:#f76a0c;-webkit-box-decoration-break:clone;box-decoration-break:clone;padding-top:0px;padding-right:0px;padding-bottom:0px;padding-left:0px;}<\/style>\n<h2 class=\"kt-adv-heading985_62b525-e0 wp-block-kadence-advancedheading\" data-kb-block=\"kb-adv-heading985_62b525-e0\"><strong>Mentions L\u00e9gales<\/strong><\/h2>\n<\/div><\/div>\n\n<\/div><\/div>\n\n<style>.kb-row-layout-id985_6ea9d1-b2 > .kt-row-column-wrap{align-content:start;}:where(.kb-row-layout-id985_6ea9d1-b2 > .kt-row-column-wrap) > .wp-block-kadence-column{justify-content:start;}.kb-row-layout-id985_6ea9d1-b2 > .kt-row-column-wrap{column-gap:var(--global-kb-gap-md, 2rem);row-gap:var(--global-kb-gap-md, 2rem);padding-top:var(--global-kb-spacing-sm, 1.5rem);padding-bottom:var(--global-kb-spacing-sm, 1.5rem);grid-template-columns:minmax(0, 1fr);}.kb-row-layout-id985_6ea9d1-b2 > .kt-row-layout-overlay{opacity:0.30;}@media all and (max-width: 1024px){.kb-row-layout-id985_6ea9d1-b2 > .kt-row-column-wrap{grid-template-columns:minmax(0, 1fr);}}@media all and (max-width: 767px){.kb-row-layout-id985_6ea9d1-b2 > .kt-row-column-wrap{grid-template-columns:minmax(0, 1fr);}}<\/style><div class=\"kb-row-layout-wrap kb-row-layout-id985_6ea9d1-b2 alignnone wp-block-kadence-rowlayout\"><div class=\"kt-row-column-wrap kt-has-1-columns kt-row-layout-equal kt-tab-layout-inherit kt-mobile-layout-row kt-row-valign-top\">\n<style>.kadence-column985_f35126-9b > .kt-inside-inner-col{padding-right:var(--global-kb-spacing-xxl, 5rem);padding-left:var(--global-kb-spacing-xxl, 5rem);}.kadence-column985_f35126-9b > .kt-inside-inner-col,.kadence-column985_f35126-9b > .kt-inside-inner-col:before{border-top-left-radius:0px;border-top-right-radius:0px;border-bottom-right-radius:0px;border-bottom-left-radius:0px;}.kadence-column985_f35126-9b > .kt-inside-inner-col{column-gap:var(--global-kb-gap-sm, 1rem);}.kadence-column985_f35126-9b > .kt-inside-inner-col{flex-direction:column;}.kadence-column985_f35126-9b > .kt-inside-inner-col > .aligncenter{width:100%;}.kadence-column985_f35126-9b > .kt-inside-inner-col:before{opacity:0.3;}.kadence-column985_f35126-9b{position:relative;}@media all and (max-width: 1024px){.kadence-column985_f35126-9b > .kt-inside-inner-col{flex-direction:column;justify-content:center;}}@media all and (max-width: 767px){.kadence-column985_f35126-9b > .kt-inside-inner-col{flex-direction:column;justify-content:center;}}<\/style>\n<div class=\"wp-block-kadence-column kadence-column985_f35126-9b\"><div class=\"kt-inside-inner-col\">\n<p><strong>1. Pr\u00e9sentation du site<\/strong> <\/p>\n\n\n\n<p>Nom du propri\u00e9taire : Julie TECHER<br>Email : contact@rezoo-asso.fr<br>Directeur de la publication : Julie TECHER<\/p>\n\n\n\n<p><strong>2. H\u00e9bergement du site<\/strong> <\/p>\n\n\n\n<p>H\u00e9bergeur : OVH<br>Adresse : 2 rue Kellermann &#8211; 59100 Roubaix &#8211; France<br><\/p>\n\n\n\n<p><strong>3. Propri\u00e9t\u00e9 intellectuelle<\/strong> <\/p>\n\n\n\n<p>Le contenu du site rezoo-asso.fr incluant, de fa\u00e7on non limitative, les textes, images, graphismes, logos, ic\u00f4nes et sons, est la propri\u00e9t\u00e9 exclusive du propri\u00e9taire, sauf mentions contraires. Toute reproduction, repr\u00e9sentation, modification, publication, adaptation de tout ou partie des \u00e9l\u00e9ments du site, quel que soit le moyen ou le proc\u00e9d\u00e9 utilis\u00e9, est interdite, sauf autorisation \u00e9crite pr\u00e9alable.<\/p>\n\n\n\n<p><strong>4. Protection des donn\u00e9es personnelles<\/strong> <\/p>\n\n\n\n<p>Le propri\u00e9taire s\u2019engage \u00e0 ce que la collecte et le traitement de vos donn\u00e9es, effectu\u00e9s \u00e0 partir du site rezoo-asso.fr, soient conformes au R\u00e8glement G\u00e9n\u00e9ral sur la Protection des Donn\u00e9es (RGPD) et \u00e0 la loi Informatique et Libert\u00e9s.<\/p>\n\n\n\n<p>Les informations recueillies via les formulaires du site sont destin\u00e9es \u00e0 la diffusion de la newsletter associ\u00e9e. Vous disposez d\u2019un droit d\u2019acc\u00e8s, de rectification, de suppression et d\u2019opposition au traitement de vos donn\u00e9es. Pour exercer ces droits, contactez-nous \u00e0 : contact@rezoo-asso.fr.<\/p>\n\n\n\n<p><strong>5. Cookies<\/strong> <\/p>\n\n\n\n<p>En accord avec la directive ePrivacy, le site rezoo-asso.fr peut \u00eatre amen\u00e9 \u00e0 utiliser des cookies afin d\u2019am\u00e9liorer votre exp\u00e9rience utilisateur. Ces cookies n&rsquo;\u00e9tant en aucun cas li\u00e9s aux r\u00e9seaux sociaux ou aux op\u00e9rations relatives \u00e0 la publicit\u00e9 personnalis\u00e9e, aucun consentement n&rsquo;est requis.<\/p>\n\n\n\n<p><strong>6. Responsabilit\u00e9<\/strong> <\/p>\n\n\n\n<p>Le propri\u00e9taire met tout en \u0153uvre pour assurer l\u2019exactitude et la mise \u00e0 jour des informations diffus\u00e9es sur le site. Toutefois, il ne saurait \u00eatre tenu pour responsable des erreurs, omissions ou r\u00e9sultats qui pourraient \u00eatre obtenus par un usage inappropri\u00e9 des informations pr\u00e9sentes sur ce site.<\/p>\n\n\n\n<p><strong>7. Droit applicable et juridiction comp\u00e9tente<\/strong> <\/p>\n\n\n\n<p>Tout litige en relation avec l\u2019utilisation du site rezoo-asso.fr est soumis au droit fran\u00e7ais. En cas de litige, les tribunaux fran\u00e7ais seront seuls comp\u00e9tents.<\/p>\n\n\n\n<hr class=\"wp-block-separator has-alpha-channel-opacity\"\/>\n<\/div><\/div>\n\n<\/div><\/div>","protected":false},"excerpt":{"rendered":"<p>Mentions L\u00e9gales 1. Pr\u00e9sentation du site Nom du propri\u00e9taire : Julie TECHEREmail : contact@rezoo-asso.frDirecteur de la publication : Julie TECHER 2. H\u00e9bergement du site H\u00e9bergeur : OVHAdresse : 2 rue Kellermann &#8211; 59100 Roubaix &#8211; France 3. Propri\u00e9t\u00e9 intellectuelle Le contenu du site rezoo-asso.fr incluant, de fa\u00e7on non limitative, les textes, images, graphismes, logos, ic\u00f4nes&#8230;<\/p>\n","protected":false},"author":5,"featured_media":0,"parent":0,"menu_order":0,"comment_status":"closed","ping_status":"closed","template":"","meta":{"_kadence_starter_templates_imported_post":true,"_kad_post_transparent":"","_kad_post_title":"hide","_kad_post_layout":"fullwidth","_kad_post_sidebar_id":"","_kad_post_content_style":"unboxed","_kad_post_vertical_padding":"hide","_kad_post_feature":"hide","_kad_post_feature_position":"","_kad_post_header":false,"_kad_post_footer":false,"_kad_post_classname":"","footnotes":""},"class_list":["post-985","page","type-page","status-publish","hentry"],"yoast_head":"<!-- This site is optimized with the Yoast SEO plugin v26.6 - https:\/\/yoast.com\/wordpress\/plugins\/seo\/ -->\n<title>Mentions - Rezoo<\/title>\n<meta name=\"robots\" content=\"index, follow, max-snippet:-1, max-image-preview:large, max-video-preview:-1\" \/>\n<link rel=\"canonical\" href=\"http:\/\/rezoo-asso.fr\/?page_id=985\" \/>\n<meta property=\"og:locale\" content=\"fr_FR\" \/>\n<meta property=\"og:type\" content=\"article\" \/>\n<meta property=\"og:title\" content=\"Mentions - Rezoo\" \/>\n<meta property=\"og:description\" content=\"Mentions L\u00e9gales 1. Pr\u00e9sentation du site Nom du propri\u00e9taire : Julie TECHEREmail : contact@rezoo-asso.frDirecteur de la publication : Julie TECHER 2. H\u00e9bergement du site H\u00e9bergeur : OVHAdresse : 2 rue Kellermann &#8211; 59100 Roubaix &#8211; France 3. Propri\u00e9t\u00e9 intellectuelle Le contenu du site rezoo-asso.fr incluant, de fa\u00e7on non limitative, les textes, images, graphismes, logos, ic\u00f4nes...\" \/>\n<meta property=\"og:url\" content=\"http:\/\/rezoo-asso.fr\/?page_id=985\" \/>\n<meta property=\"og:site_name\" content=\"Rezoo\" \/>\n<meta property=\"article:modified_time\" content=\"2025-03-30T09:46:14+00:00\" \/>\n<meta property=\"og:image\" content=\"http:\/\/rezoo-asso.fr\/wp-content\/uploads\/2025\/03\/logotype-web-1-1024x282.png\" \/>\n<meta name=\"twitter:card\" content=\"summary_large_image\" \/>\n<meta name=\"twitter:label1\" content=\"Dur\u00e9e de lecture estim\u00e9e\" \/>\n\t<meta name=\"twitter:data1\" content=\"2 minutes\" \/>\n<script type=\"application\/ld+json\" class=\"yoast-schema-graph\">{\"@context\":\"https:\/\/schema.org\",\"@graph\":[{\"@type\":\"WebPage\",\"@id\":\"http:\/\/rezoo-asso.fr\/?page_id=985\",\"url\":\"http:\/\/rezoo-asso.fr\/?page_id=985\",\"name\":\"Mentions - Rezoo\",\"isPartOf\":{\"@id\":\"http:\/\/rezoo-asso.fr\/#website\"},\"primaryImageOfPage\":{\"@id\":\"http:\/\/rezoo-asso.fr\/?page_id=985#primaryimage\"},\"image\":{\"@id\":\"http:\/\/rezoo-asso.fr\/?page_id=985#primaryimage\"},\"thumbnailUrl\":\"http:\/\/rezoo-asso.fr\/wp-content\/uploads\/2025\/03\/logotype-web-1-1024x282.png\",\"datePublished\":\"2025-03-29T18:31:04+00:00\",\"dateModified\":\"2025-03-30T09:46:14+00:00\",\"breadcrumb\":{\"@id\":\"http:\/\/rezoo-asso.fr\/?page_id=985#breadcrumb\"},\"inLanguage\":\"fr-FR\",\"potentialAction\":[{\"@type\":\"ReadAction\",\"target\":[\"http:\/\/rezoo-asso.fr\/?page_id=985\"]}]},{\"@type\":\"ImageObject\",\"inLanguage\":\"fr-FR\",\"@id\":\"http:\/\/rezoo-asso.fr\/?page_id=985#primaryimage\",\"url\":\"http:\/\/rezoo-asso.fr\/wp-content\/uploads\/2025\/03\/logotype-web-1.png\",\"contentUrl\":\"http:\/\/rezoo-asso.fr\/wp-content\/uploads\/2025\/03\/logotype-web-1.png\",\"width\":1080,\"height\":297},{\"@type\":\"BreadcrumbList\",\"@id\":\"http:\/\/rezoo-asso.fr\/?page_id=985#breadcrumb\",\"itemListElement\":[{\"@type\":\"ListItem\",\"position\":1,\"name\":\"Accueil\",\"item\":\"http:\/\/rezoo-asso.fr\/\"},{\"@type\":\"ListItem\",\"position\":2,\"name\":\"Mentions\"}]},{\"@type\":\"WebSite\",\"@id\":\"http:\/\/rezoo-asso.fr\/#website\",\"url\":\"http:\/\/rezoo-asso.fr\/\",\"name\":\"Rezoo\",\"description\":\"Un site utilisant WordPress\",\"publisher\":{\"@id\":\"http:\/\/rezoo-asso.fr\/#organization\"},\"potentialAction\":[{\"@type\":\"SearchAction\",\"target\":{\"@type\":\"EntryPoint\",\"urlTemplate\":\"http:\/\/rezoo-asso.fr\/?s={search_term_string}\"},\"query-input\":{\"@type\":\"PropertyValueSpecification\",\"valueRequired\":true,\"valueName\":\"search_term_string\"}}],\"inLanguage\":\"fr-FR\"},{\"@type\":\"Organization\",\"@id\":\"http:\/\/rezoo-asso.fr\/#organization\",\"name\":\"Rezoo\",\"url\":\"http:\/\/rezoo-asso.fr\/\",\"logo\":{\"@type\":\"ImageObject\",\"inLanguage\":\"fr-FR\",\"@id\":\"http:\/\/rezoo-asso.fr\/#\/schema\/logo\/image\/\",\"url\":\"http:\/\/rezoo-asso.fr\/wp-content\/uploads\/2025\/03\/cropped-ecru-2.png\",\"contentUrl\":\"http:\/\/rezoo-asso.fr\/wp-content\/uploads\/2025\/03\/cropped-ecru-2.png\",\"width\":1079,\"height\":1080,\"caption\":\"Rezoo\"},\"image\":{\"@id\":\"http:\/\/rezoo-asso.fr\/#\/schema\/logo\/image\/\"},\"sameAs\":[\"https:\/\/www.instagram.com\/rezoo.asso\/\",\"https:\/\/www.linkedin.com\/company\/rezooasso\/\"]}]}<\/script>\n<!-- \/ Yoast SEO plugin. -->","yoast_head_json":{"title":"Mentions - Rezoo","robots":{"index":"index","follow":"follow","max-snippet":"max-snippet:-1","max-image-preview":"max-image-preview:large","max-video-preview":"max-video-preview:-1"},"canonical":"http:\/\/rezoo-asso.fr\/?page_id=985","og_locale":"fr_FR","og_type":"article","og_title":"Mentions - Rezoo","og_description":"Mentions L\u00e9gales 1. Pr\u00e9sentation du site Nom du propri\u00e9taire : Julie TECHEREmail : contact@rezoo-asso.frDirecteur de la publication : Julie TECHER 2. H\u00e9bergement du site H\u00e9bergeur : OVHAdresse : 2 rue Kellermann &#8211; 59100 Roubaix &#8211; France 3. Propri\u00e9t\u00e9 intellectuelle Le contenu du site rezoo-asso.fr incluant, de fa\u00e7on non limitative, les textes, images, graphismes, logos, ic\u00f4nes...","og_url":"http:\/\/rezoo-asso.fr\/?page_id=985","og_site_name":"Rezoo","article_modified_time":"2025-03-30T09:46:14+00:00","og_image":[{"url":"http:\/\/rezoo-asso.fr\/wp-content\/uploads\/2025\/03\/logotype-web-1-1024x282.png","type":"","width":"","height":""}],"twitter_card":"summary_large_image","twitter_misc":{"Dur\u00e9e de lecture estim\u00e9e":"2 minutes"},"schema":{"@context":"https:\/\/schema.org","@graph":[{"@type":"WebPage","@id":"http:\/\/rezoo-asso.fr\/?page_id=985","url":"http:\/\/rezoo-asso.fr\/?page_id=985","name":"Mentions - Rezoo","isPartOf":{"@id":"http:\/\/rezoo-asso.fr\/#website"},"primaryImageOfPage":{"@id":"http:\/\/rezoo-asso.fr\/?page_id=985#primaryimage"},"image":{"@id":"http:\/\/rezoo-asso.fr\/?page_id=985#primaryimage"},"thumbnailUrl":"http:\/\/rezoo-asso.fr\/wp-content\/uploads\/2025\/03\/logotype-web-1-1024x282.png","datePublished":"2025-03-29T18:31:04+00:00","dateModified":"2025-03-30T09:46:14+00:00","breadcrumb":{"@id":"http:\/\/rezoo-asso.fr\/?page_id=985#breadcrumb"},"inLanguage":"fr-FR","potentialAction":[{"@type":"ReadAction","target":["http:\/\/rezoo-asso.fr\/?page_id=985"]}]},{"@type":"ImageObject","inLanguage":"fr-FR","@id":"http:\/\/rezoo-asso.fr\/?page_id=985#primaryimage","url":"http:\/\/rezoo-asso.fr\/wp-content\/uploads\/2025\/03\/logotype-web-1.png","contentUrl":"http:\/\/rezoo-asso.fr\/wp-content\/uploads\/2025\/03\/logotype-web-1.png","width":1080,"height":297},{"@type":"BreadcrumbList","@id":"http:\/\/rezoo-asso.fr\/?page_id=985#breadcrumb","itemListElement":[{"@type":"ListItem","position":1,"name":"Accueil","item":"http:\/\/rezoo-asso.fr\/"},{"@type":"ListItem","position":2,"name":"Mentions"}]},{"@type":"WebSite","@id":"http:\/\/rezoo-asso.fr\/#website","url":"http:\/\/rezoo-asso.fr\/","name":"Rezoo","description":"Un site utilisant WordPress","publisher":{"@id":"http:\/\/rezoo-asso.fr\/#organization"},"potentialAction":[{"@type":"SearchAction","target":{"@type":"EntryPoint","urlTemplate":"http:\/\/rezoo-asso.fr\/?s={search_term_string}"},"query-input":{"@type":"PropertyValueSpecification","valueRequired":true,"valueName":"search_term_string"}}],"inLanguage":"fr-FR"},{"@type":"Organization","@id":"http:\/\/rezoo-asso.fr\/#organization","name":"Rezoo","url":"http:\/\/rezoo-asso.fr\/","logo":{"@type":"ImageObject","inLanguage":"fr-FR","@id":"http:\/\/rezoo-asso.fr\/#\/schema\/logo\/image\/","url":"http:\/\/rezoo-asso.fr\/wp-content\/uploads\/2025\/03\/cropped-ecru-2.png","contentUrl":"http:\/\/rezoo-asso.fr\/wp-content\/uploads\/2025\/03\/cropped-ecru-2.png","width":1079,"height":1080,"caption":"Rezoo"},"image":{"@id":"http:\/\/rezoo-asso.fr\/#\/schema\/logo\/image\/"},"sameAs":["https:\/\/www.instagram.com\/rezoo.asso\/","https:\/\/www.linkedin.com\/company\/rezooasso\/"]}]}},"_links":{"self":[{"href":"http:\/\/rezoo-asso.fr\/index.php?rest_route=\/wp\/v2\/pages\/985","targetHints":{"allow":["GET"]}}],"collection":[{"href":"http:\/\/rezoo-asso.fr\/index.php?rest_route=\/wp\/v2\/pages"}],"about":[{"href":"http:\/\/rezoo-asso.fr\/index.php?rest_route=\/wp\/v2\/types\/page"}],"author":[{"embeddable":true,"href":"http:\/\/rezoo-asso.fr\/index.php?rest_route=\/wp\/v2\/users\/5"}],"replies":[{"embeddable":true,"href":"http:\/\/rezoo-asso.fr\/index.php?rest_route=%2Fwp%2Fv2%2Fcomments&post=985"}],"version-history":[{"count":7,"href":"http:\/\/rezoo-asso.fr\/index.php?rest_route=\/wp\/v2\/pages\/985\/revisions"}],"predecessor-version":[{"id":993,"href":"http:\/\/rezoo-asso.fr\/index.php?rest_route=\/wp\/v2\/pages\/985\/revisions\/993"}],"wp:attachment":[{"href":"http:\/\/rezoo-asso.fr\/index.php?rest_route=%2Fwp%2Fv2%2Fmedia&parent=985"}],"curies":[{"name":"wp","href":"https:\/\/api.w.org\/{rel}","templated":true}]}}