{"id":525,"date":"2025-02-09T18:54:13","date_gmt":"2025-02-09T17:54:13","guid":{"rendered":"http:\/\/rezoo-asso.fr\/?page_id=525"},"modified":"2025-07-03T21:56:27","modified_gmt":"2025-07-03T19:56:27","slug":"contact","status":"publish","type":"page","link":"https:\/\/rezoo-asso.fr\/?page_id=525","title":{"rendered":"Contact"},"content":{"rendered":"<style>.kb-row-layout-id525_3bce4c-ee > .kt-row-column-wrap{align-content:center;}:where(.kb-row-layout-id525_3bce4c-ee > .kt-row-column-wrap) > .wp-block-kadence-column{justify-content:center;}.kb-row-layout-id525_3bce4c-ee > .kt-row-column-wrap{column-gap:var(--global-kb-gap-lg, 4rem);row-gap:var(--global-kb-gap-md, 2rem);max-width:var( --global-content-width, 1290px );padding-left:var(--global-content-edge-padding);padding-right:var(--global-content-edge-padding);padding-top:var(--global-kb-spacing-xxs, 0.5rem);padding-bottom:var(--global-kb-spacing-xxs, 0.5rem);grid-template-columns:repeat(2, minmax(0, 1fr));}.kb-row-layout-id525_3bce4c-ee > .kt-row-layout-overlay{opacity:0.30;}.kb-row-layout-id525_3bce4c-ee .kt-row-layout-bottom-sep{height:100px;}.kb-row-layout-id525_3bce4c-ee .kt-row-layout-bottom-sep svg{width:100%;}.kb-row-layout-id525_3bce4c-ee .kt-row-layout-bottom-sep svg{fill:#ffffff!important;}@media all and (max-width: 1024px){.kb-row-layout-id525_3bce4c-ee > .kt-row-column-wrap{grid-template-columns:repeat(2, minmax(0, 1fr));}}@media all and (max-width: 1024px){.kb-row-layout-id525_3bce4c-ee .kt-row-layout-bottom-sep{height:80px;}}@media all and (max-width: 1024px){.kb-row-layout-id525_3bce4c-ee .kt-row-layout-bottom-sep svg{width:%;}}@media all and (max-width: 767px){.kb-row-layout-id525_3bce4c-ee > .kt-row-column-wrap{padding-top:var(--global-kb-spacing-3xl, 6.5rem);padding-bottom:var(--global-kb-spacing-3xl, 6.5rem);grid-template-columns:minmax(0, 1fr);}.kb-row-layout-id525_3bce4c-ee .kt-row-layout-bottom-sep{height:60px;}.kb-row-layout-id525_3bce4c-ee .kt-row-layout-bottom-sep svg{width:%;}}<\/style><div class=\"kb-row-layout-wrap kb-row-layout-id525_3bce4c-ee alignfull has-theme-palette8-background-color kt-row-has-bg wp-block-kadence-rowlayout\"><div class=\"kt-row-column-wrap kt-has-2-columns kt-row-layout-equal kt-tab-layout-inherit kt-mobile-layout-row kt-row-valign-middle kb-theme-content-width\">\n<style>.kadence-column525_1c299e-87 > .kt-inside-inner-col,.kadence-column525_1c299e-87 > .kt-inside-inner-col:before{border-top-left-radius:0px;border-top-right-radius:0px;border-bottom-right-radius:0px;border-bottom-left-radius:0px;}.kadence-column525_1c299e-87 > .kt-inside-inner-col{column-gap:var(--global-kb-gap-sm, 1rem);}.kadence-column525_1c299e-87 > .kt-inside-inner-col{flex-direction:column;}.kadence-column525_1c299e-87 > .kt-inside-inner-col > .aligncenter{width:100%;}.kadence-column525_1c299e-87 > .kt-inside-inner-col:before{opacity:0.3;}.kadence-column525_1c299e-87{position:relative;}@media all and (max-width: 1024px){.kadence-column525_1c299e-87 > .kt-inside-inner-col{flex-direction:column;justify-content:center;}}@media all and (max-width: 767px){.kadence-column525_1c299e-87 > .kt-inside-inner-col{flex-direction:column;justify-content:center;}}<\/style>\n<div class=\"wp-block-kadence-column kadence-column525_1c299e-87 inner-column-1\"><div class=\"kt-inside-inner-col\">\n<figure class=\"wp-block-image size-large\"><img loading=\"lazy\" decoding=\"async\" width=\"1024\" height=\"282\" src=\"http:\/\/rezoo-asso.fr\/wp-content\/uploads\/2025\/03\/logotype-web-1-1024x282.png\" alt=\"\" class=\"wp-image-720\" srcset=\"https:\/\/rezoo-asso.fr\/wp-content\/uploads\/2025\/03\/logotype-web-1-1024x282.png 1024w, https:\/\/rezoo-asso.fr\/wp-content\/uploads\/2025\/03\/logotype-web-1-300x83.png 300w, https:\/\/rezoo-asso.fr\/wp-content\/uploads\/2025\/03\/logotype-web-1-768x211.png 768w, https:\/\/rezoo-asso.fr\/wp-content\/uploads\/2025\/03\/logotype-web-1.png 1080w\" sizes=\"auto, (max-width: 1024px) 100vw, 1024px\" \/><\/figure>\n<\/div><\/div>\n\n\n<style>.kadence-column525_2d8fcb-c5 > .kt-inside-inner-col{display:flex;}.kadence-column525_2d8fcb-c5 > .kt-inside-inner-col,.kadence-column525_2d8fcb-c5 > .kt-inside-inner-col:before{border-top-left-radius:0px;border-top-right-radius:0px;border-bottom-right-radius:0px;border-bottom-left-radius:0px;}.kadence-column525_2d8fcb-c5 > .kt-inside-inner-col{column-gap:var(--global-kb-gap-sm, 1rem);}.kadence-column525_2d8fcb-c5 > .kt-inside-inner-col{flex-direction:column;justify-content:center;}.kadence-column525_2d8fcb-c5 > .kt-inside-inner-col > .aligncenter{width:100%;}.kt-row-column-wrap > .kadence-column525_2d8fcb-c5{align-self:center;}.kt-inner-column-height-full:not(.kt-has-1-columns) > .wp-block-kadence-column.kadence-column525_2d8fcb-c5{align-self:auto;}.kt-inner-column-height-full:not(.kt-has-1-columns) > .wp-block-kadence-column.kadence-column525_2d8fcb-c5 > .kt-inside-inner-col{flex-direction:column;justify-content:center;}.kadence-column525_2d8fcb-c5 > .kt-inside-inner-col:before{opacity:0.3;}.kadence-column525_2d8fcb-c5{position:relative;}@media all and (max-width: 1024px){.kt-row-column-wrap > .kadence-column525_2d8fcb-c5{align-self:center;}}@media all and (max-width: 1024px){.kt-inner-column-height-full:not(.kt-has-1-columns) > .wp-block-kadence-column.kadence-column525_2d8fcb-c5{align-self:auto;}}@media all and (max-width: 1024px){.kt-inner-column-height-full:not(.kt-has-1-columns) > .wp-block-kadence-column.kadence-column525_2d8fcb-c5 > .kt-inside-inner-col{flex-direction:column;justify-content:center;}}@media all and (max-width: 1024px){.kadence-column525_2d8fcb-c5 > .kt-inside-inner-col{flex-direction:column;justify-content:center;}}@media all and (max-width: 767px){.kt-row-column-wrap > .kadence-column525_2d8fcb-c5{align-self:center;}.kt-inner-column-height-full:not(.kt-has-1-columns) > .wp-block-kadence-column.kadence-column525_2d8fcb-c5{align-self:auto;}.kt-inner-column-height-full:not(.kt-has-1-columns) > .wp-block-kadence-column.kadence-column525_2d8fcb-c5 > .kt-inside-inner-col{flex-direction:column;justify-content:center;}.kadence-column525_2d8fcb-c5 > .kt-inside-inner-col{flex-direction:column;justify-content:center;}}<\/style>\n<div class=\"wp-block-kadence-column kadence-column525_2d8fcb-c5\"><div class=\"kt-inside-inner-col\"><div class=\"wp-block-image\">\n<figure class=\"aligncenter size-full is-resized\"><img loading=\"lazy\" decoding=\"async\" width=\"1110\" height=\"820\" src=\"http:\/\/rezoo-asso.fr\/wp-content\/uploads\/2025\/03\/Ours.png\" alt=\"\" class=\"wp-image-903\" style=\"width:286px;height:auto\" srcset=\"https:\/\/rezoo-asso.fr\/wp-content\/uploads\/2025\/03\/Ours.png 1110w, https:\/\/rezoo-asso.fr\/wp-content\/uploads\/2025\/03\/Ours-300x222.png 300w, https:\/\/rezoo-asso.fr\/wp-content\/uploads\/2025\/03\/Ours-1024x756.png 1024w, https:\/\/rezoo-asso.fr\/wp-content\/uploads\/2025\/03\/Ours-768x567.png 768w\" sizes=\"auto, (max-width: 1110px) 100vw, 1110px\" \/><\/figure>\n<\/div><\/div><\/div>\n\n<\/div><\/div>\n\n<style>.kb-row-layout-id525_af2456-f7 > .kt-row-column-wrap{align-content:start;}:where(.kb-row-layout-id525_af2456-f7 > .kt-row-column-wrap) > .wp-block-kadence-column{justify-content:start;}.kb-row-layout-id525_af2456-f7 > .kt-row-column-wrap{column-gap:var(--global-kb-gap-md, 2rem);row-gap:var(--global-kb-gap-md, 2rem);max-width:750px;margin-left:auto;margin-right:auto;padding-top:var(--global-kb-spacing-xs, 1rem);padding-bottom:0px;grid-template-columns:minmax(0, 1fr);}.kb-row-layout-id525_af2456-f7 > .kt-row-layout-overlay{opacity:0.00;}@media all and (max-width: 1024px){.kb-row-layout-id525_af2456-f7 > .kt-row-column-wrap{grid-template-columns:minmax(0, 1fr);}}@media all and (max-width: 767px){.kb-row-layout-id525_af2456-f7 > .kt-row-column-wrap{grid-template-columns:minmax(0, 1fr);}}<\/style><div class=\"kb-row-layout-wrap kb-row-layout-id525_af2456-f7 alignfull has-theme-palette9-background-color kt-row-has-bg wp-block-kadence-rowlayout\"><div class=\"kt-row-column-wrap kt-has-1-columns kt-row-layout-equal kt-tab-layout-inherit kt-mobile-layout-row kt-row-valign-top\">\n<style>.kadence-column525_621795-78 > .kt-inside-inner-col,.kadence-column525_621795-78 > .kt-inside-inner-col:before{border-top-left-radius:0px;border-top-right-radius:0px;border-bottom-right-radius:0px;border-bottom-left-radius:0px;}.kadence-column525_621795-78 > .kt-inside-inner-col{column-gap:var(--global-kb-gap-sm, 1rem);}.kadence-column525_621795-78 > .kt-inside-inner-col{flex-direction:column;}.kadence-column525_621795-78 > .kt-inside-inner-col > .aligncenter{width:100%;}.kadence-column525_621795-78 > .kt-inside-inner-col:before{opacity:0.3;}.kadence-column525_621795-78{position:relative;}@media all and (max-width: 1024px){.kadence-column525_621795-78 > .kt-inside-inner-col{flex-direction:column;justify-content:center;}}@media all and (max-width: 767px){.kadence-column525_621795-78 > .kt-inside-inner-col{flex-direction:column;justify-content:center;}}<\/style>\n<div class=\"wp-block-kadence-column kadence-column525_621795-78 inner-column-1\"><div class=\"kt-inside-inner-col\"><style>.wp-block-kadence-advancedheading.kt-adv-heading525_027f0e-c7, .wp-block-kadence-advancedheading.kt-adv-heading525_027f0e-c7[data-kb-block=\"kb-adv-heading525_027f0e-c7\"]{text-align:center;font-style:normal;}.wp-block-kadence-advancedheading.kt-adv-heading525_027f0e-c7 mark.kt-highlight, .wp-block-kadence-advancedheading.kt-adv-heading525_027f0e-c7[data-kb-block=\"kb-adv-heading525_027f0e-c7\"] mark.kt-highlight{font-style:normal;color:#f76a0c;-webkit-box-decoration-break:clone;box-decoration-break:clone;padding-top:0px;padding-right:0px;padding-bottom:0px;padding-left:0px;}<\/style>\n<h2 class=\"kt-adv-heading525_027f0e-c7 wp-block-kadence-advancedheading\" data-kb-block=\"kb-adv-heading525_027f0e-c7\">Contactez R\u00e9zoo<\/h2>\n\n\n<style>.wp-block-kadence-advancedheading.kt-adv-heading525_1e46f6-46, .wp-block-kadence-advancedheading.kt-adv-heading525_1e46f6-46[data-kb-block=\"kb-adv-heading525_1e46f6-46\"]{text-align:center;font-style:normal;}.wp-block-kadence-advancedheading.kt-adv-heading525_1e46f6-46 mark.kt-highlight, .wp-block-kadence-advancedheading.kt-adv-heading525_1e46f6-46[data-kb-block=\"kb-adv-heading525_1e46f6-46\"] mark.kt-highlight{font-style:normal;color:#f76a0c;-webkit-box-decoration-break:clone;box-decoration-break:clone;padding-top:0px;padding-right:0px;padding-bottom:0px;padding-left:0px;}<\/style>\n<p class=\"kt-adv-heading525_1e46f6-46 wp-block-kadence-advancedheading has-theme-palette-4-color has-text-color\" data-kb-block=\"kb-adv-heading525_1e46f6-46\">Vous avez des questions, des id\u00e9es ou souhaitez rejoindre notre r\u00e9seau ? Contactez-nous !<\/p>\n<\/div><\/div>\n\n<\/div><\/div>\n\n<style>.kadence-column525_5f1c02-f2{max-width:500px;margin-left:auto;margin-right:auto;}.wp-block-kadence-column.kb-section-dir-horizontal:not(.kb-section-md-dir-vertical)>.kt-inside-inner-col>.kadence-column525_5f1c02-f2{-webkit-flex:0 1 500px;flex:0 1 500px;max-width:unset;margin-left:unset;margin-right:unset;}.kadence-column525_5f1c02-f2 > .kt-inside-inner-col{padding-top:var(--global-kb-spacing-md, 2rem);padding-right:var(--global-kb-spacing-md, 2rem);padding-bottom:var(--global-kb-spacing-md, 2rem);padding-left:var(--global-kb-spacing-md, 2rem);}.kadence-column525_5f1c02-f2 > .kt-inside-inner-col,.kadence-column525_5f1c02-f2 > .kt-inside-inner-col:before{border-top-left-radius:2px;border-top-right-radius:2px;border-bottom-right-radius:2px;border-bottom-left-radius:2px;}.kadence-column525_5f1c02-f2 > .kt-inside-inner-col{column-gap:var(--global-kb-gap-sm, 1rem);}.kadence-column525_5f1c02-f2 > .kt-inside-inner-col{flex-direction:column;}.kadence-column525_5f1c02-f2 > .kt-inside-inner-col > .aligncenter{width:100%;}.kadence-column525_5f1c02-f2 > .kt-inside-inner-col{background-color:var(--global-palette8, #F7FAFC);}.kadence-column525_5f1c02-f2 > .kt-inside-inner-col:before{opacity:0.3;}.kadence-column525_5f1c02-f2, .kadence-column525_5f1c02-f2 h1, .kadence-column525_5f1c02-f2 h2, .kadence-column525_5f1c02-f2 h3, .kadence-column525_5f1c02-f2 h4, .kadence-column525_5f1c02-f2 h5, .kadence-column525_5f1c02-f2 h6{color:var(--global-palette5, #4A5568);}.kadence-column525_5f1c02-f2 a{color:var(--global-palette4, #2D3748);}.kadence-column525_5f1c02-f2 a:hover{color:var(--global-palette4, #2D3748);}.kadence-column525_5f1c02-f2{position:relative;}.kadence-column525_5f1c02-f2, .kt-inside-inner-col > .kadence-column525_5f1c02-f2:not(.specificity){margin-top:32px;}@media all and (min-width: 1025px){.wp-block-kadence-column.kb-section-dir-horizontal>.kt-inside-inner-col>.kadence-column525_5f1c02-f2{-webkit-flex:0 1 500px;flex:0 1 500px;max-width:unset;margin-left:unset;margin-right:unset;}}@media all and (max-width: 1024px){.kadence-column525_5f1c02-f2 > .kt-inside-inner-col{flex-direction:column;justify-content:center;}}@media all and (max-width: 1024px){.kadence-column525_5f1c02-f2, .kt-inside-inner-col > .kadence-column525_5f1c02-f2:not(.specificity){margin-bottom:30px;}}@media all and (max-width: 767px){.wp-block-kadence-column.kb-section-sm-dir-vertical:not(.kb-section-sm-dir-horizontal):not(.kb-section-sm-dir-specificity)>.kt-inside-inner-col>.kadence-column525_5f1c02-f2{max-width:500px;-webkit-flex:1;flex:1;margin-left:auto;margin-right:auto;}.kadence-column525_5f1c02-f2 > .kt-inside-inner-col{flex-direction:column;justify-content:center;}}<\/style>\n<div class=\"wp-block-kadence-column kadence-column525_5f1c02-f2 inner-column-1\"><div class=\"kt-inside-inner-col\"><style>.kadence-form-525_0d26f3-81 .kb-form .kadence-blocks-form-field .kb-text-style-field, .kadence-form-525_0d26f3-81 .kb-form .kadence-blocks-form-field .kb-select-style-field{color:var(--global-palette4, #2D3748);border-radius:0px;border-width:2px 2px 2px 2px;background:rgba(0, 0, 0, 0);border-color:var(--global-palette4, #2D3748);}.kadence-form-525_0d26f3-81 .kb-form .kadence-blocks-form-field > label{color:var(--global-palette4, #2D3748);}.kadence-form-525_0d26f3-81 .kb-form .kadence-blocks-form-field .kb-forms-submit{border-radius:5px;background:var(--global-palette1, #3182CE);}.kb-form input.kadence-blocks-field.verify{opacity:0.0;position:absolute;top:0.0;left:0.0;width:0.0;height:0.0;z-index:-1;}<\/style>\n<div class=\"wp-block-kadence-form kadence-form-525_0d26f3-81 kb-form-wrap\"><form class=\"kb-form\" action=\"\" method=\"post\"><div class=\"kadence-blocks-form-field kb-field-desk-width-100 kb-input-size-standard\"><label for=\"kb_field_525_0d26f3-81_0\">Nom<\/label><input name=\"kb_field_0\" id=\"kb_field_525_0d26f3-81_0\" data-label=\"Nom\" type=\"text\" placeholder=\"\" value=\"\" data-type=\"text\" class=\"kb-field kb-text-style-field kb-text-field kb-field-0\"\/><\/div><div class=\"kadence-blocks-form-field kb-form-field-1 kb-field-desk-width-100 kb-input-size-standard\"><label for=\"kb_field_525_0d26f3-81_1\">Adresse Mail<span class=\"required\">*<\/span><\/label><input name=\"kb_field_1\" id=\"kb_field_525_0d26f3-81_1\" data-label=\"Adresse Mail\" type=\"email\" placeholder=\"\" value=\"\" data-type=\"email\" class=\"kb-field kb-text-style-field kb-email-field kb-field-1\" data-required=\"yes\"\/><\/div><div class=\"kadence-blocks-form-field kb-form-field-2 kb-field-desk-width-100 kb-input-size-standard\"><label for=\"kb_field_525_0d26f3-81_2\">Message<span class=\"required\">*<\/span><\/label><textarea name=\"kb_field_2\" id=\"kb_field_525_0d26f3-81_2\" data-label=\"Message\" type=\"textarea\" placeholder=\"\" data-type=\"textarea\" class=\"kb-field kb-text-style-field kb-textarea-field kb-field-2\" rows=\"4\" data-required=\"yes\"><\/textarea><\/div><input type=\"hidden\" name=\"_kb_form_id\" value=\"525_0d26f3-81\"\/><input type=\"hidden\" name=\"_kb_form_post_id\" value=\"525\"\/><input type=\"hidden\" name=\"action\" value=\"kb_process_ajax_submit\"\/><input type=\"hidden\" name=\"recaptcha_response\" class=\"kb_recaptcha_response kb_recaptcha_525_0d26f3-81\"\/><label class=\"kadence-verify-label\">Email<input class=\"kadence-blocks-field verify\" type=\"text\" name=\"_kb_verify_email\" autocomplete=\"new-password\" aria-hidden=\"true\" placeholder=\"Email\" tabindex=\"-1\" data-1p-ignore=\"true\" data-lpignore=\"true\" \/><\/label><div class=\"kadence-blocks-form-field kb-submit-field kb-field-desk-width-100\"><button class=\"kb-forms-submit button kb-button-size-standard kb-button-width-full\">Envoyer<\/button><\/div><\/form><\/div>\n<noscript><div class=\"kadence-blocks-form-message kadence-blocks-form-warning\">Veuillez activer JavaScript dans votre navigateur pour envoyer le formulaire.<\/div><style>.kadence-form-525_0d26f3-81 .kadence-blocks-form-field.kb-submit-field { display: none; }<\/style><\/noscript><\/div><\/div>\n","protected":false},"excerpt":{"rendered":"<p>Contactez R\u00e9zoo Vous avez des questions, des id\u00e9es ou souhaitez rejoindre notre r\u00e9seau ? Contactez-nous !<\/p>\n","protected":false},"author":1,"featured_media":0,"parent":0,"menu_order":0,"comment_status":"closed","ping_status":"closed","template":"","meta":{"_kadence_starter_templates_imported_post":true,"_kad_post_transparent":"","_kad_post_title":"hide","_kad_post_layout":"fullwidth","_kad_post_sidebar_id":"","_kad_post_content_style":"unboxed","_kad_post_vertical_padding":"hide","_kad_post_feature":"hide","_kad_post_feature_position":"","_kad_post_header":false,"_kad_post_footer":false,"_kad_post_classname":"","footnotes":""},"class_list":["post-525","page","type-page","status-publish","hentry"],"yoast_head":"<!-- This site is optimized with the Yoast SEO plugin v26.6 - https:\/\/yoast.com\/wordpress\/plugins\/seo\/ -->\n<title>Contact - Rezoo<\/title>\n<meta name=\"robots\" content=\"index, follow, max-snippet:-1, max-image-preview:large, max-video-preview:-1\" \/>\n<link rel=\"canonical\" href=\"https:\/\/rezoo-asso.fr\/?page_id=525\" \/>\n<meta property=\"og:locale\" content=\"fr_FR\" \/>\n<meta property=\"og:type\" content=\"article\" \/>\n<meta property=\"og:title\" content=\"Contact - Rezoo\" \/>\n<meta property=\"og:description\" content=\"Contactez R\u00e9zoo Vous avez des questions, des id\u00e9es ou souhaitez rejoindre notre r\u00e9seau ? Contactez-nous !\" \/>\n<meta property=\"og:url\" content=\"https:\/\/rezoo-asso.fr\/?page_id=525\" \/>\n<meta property=\"og:site_name\" content=\"Rezoo\" \/>\n<meta property=\"article:modified_time\" content=\"2025-07-03T19:56:27+00:00\" \/>\n<meta property=\"og:image\" content=\"http:\/\/rezoo-asso.fr\/wp-content\/uploads\/2025\/03\/logotype-web-1-1024x282.png\" \/>\n<meta name=\"twitter:card\" content=\"summary_large_image\" \/>\n<meta name=\"twitter:label1\" content=\"Dur\u00e9e de lecture estim\u00e9e\" \/>\n\t<meta name=\"twitter:data1\" content=\"1 minute\" \/>\n<script type=\"application\/ld+json\" class=\"yoast-schema-graph\">{\"@context\":\"https:\/\/schema.org\",\"@graph\":[{\"@type\":\"WebPage\",\"@id\":\"https:\/\/rezoo-asso.fr\/?page_id=525\",\"url\":\"https:\/\/rezoo-asso.fr\/?page_id=525\",\"name\":\"Contact - Rezoo\",\"isPartOf\":{\"@id\":\"http:\/\/rezoo-asso.fr\/#website\"},\"primaryImageOfPage\":{\"@id\":\"https:\/\/rezoo-asso.fr\/?page_id=525#primaryimage\"},\"image\":{\"@id\":\"https:\/\/rezoo-asso.fr\/?page_id=525#primaryimage\"},\"thumbnailUrl\":\"http:\/\/rezoo-asso.fr\/wp-content\/uploads\/2025\/03\/logotype-web-1-1024x282.png\",\"datePublished\":\"2025-02-09T17:54:13+00:00\",\"dateModified\":\"2025-07-03T19:56:27+00:00\",\"breadcrumb\":{\"@id\":\"https:\/\/rezoo-asso.fr\/?page_id=525#breadcrumb\"},\"inLanguage\":\"fr-FR\",\"potentialAction\":[{\"@type\":\"ReadAction\",\"target\":[\"https:\/\/rezoo-asso.fr\/?page_id=525\"]}]},{\"@type\":\"ImageObject\",\"inLanguage\":\"fr-FR\",\"@id\":\"https:\/\/rezoo-asso.fr\/?page_id=525#primaryimage\",\"url\":\"https:\/\/rezoo-asso.fr\/wp-content\/uploads\/2025\/03\/logotype-web-1.png\",\"contentUrl\":\"https:\/\/rezoo-asso.fr\/wp-content\/uploads\/2025\/03\/logotype-web-1.png\",\"width\":1080,\"height\":297},{\"@type\":\"BreadcrumbList\",\"@id\":\"https:\/\/rezoo-asso.fr\/?page_id=525#breadcrumb\",\"itemListElement\":[{\"@type\":\"ListItem\",\"position\":1,\"name\":\"Accueil\",\"item\":\"http:\/\/rezoo-asso.fr\/\"},{\"@type\":\"ListItem\",\"position\":2,\"name\":\"Contact\"}]},{\"@type\":\"WebSite\",\"@id\":\"http:\/\/rezoo-asso.fr\/#website\",\"url\":\"http:\/\/rezoo-asso.fr\/\",\"name\":\"Rezoo\",\"description\":\"Un site utilisant WordPress\",\"publisher\":{\"@id\":\"http:\/\/rezoo-asso.fr\/#organization\"},\"potentialAction\":[{\"@type\":\"SearchAction\",\"target\":{\"@type\":\"EntryPoint\",\"urlTemplate\":\"http:\/\/rezoo-asso.fr\/?s={search_term_string}\"},\"query-input\":{\"@type\":\"PropertyValueSpecification\",\"valueRequired\":true,\"valueName\":\"search_term_string\"}}],\"inLanguage\":\"fr-FR\"},{\"@type\":\"Organization\",\"@id\":\"http:\/\/rezoo-asso.fr\/#organization\",\"name\":\"Rezoo\",\"url\":\"http:\/\/rezoo-asso.fr\/\",\"logo\":{\"@type\":\"ImageObject\",\"inLanguage\":\"fr-FR\",\"@id\":\"http:\/\/rezoo-asso.fr\/#\/schema\/logo\/image\/\",\"url\":\"https:\/\/rezoo-asso.fr\/wp-content\/uploads\/2025\/03\/cropped-ecru-2.png\",\"contentUrl\":\"https:\/\/rezoo-asso.fr\/wp-content\/uploads\/2025\/03\/cropped-ecru-2.png\",\"width\":1079,\"height\":1080,\"caption\":\"Rezoo\"},\"image\":{\"@id\":\"http:\/\/rezoo-asso.fr\/#\/schema\/logo\/image\/\"},\"sameAs\":[\"https:\/\/www.instagram.com\/rezoo.asso\/\",\"https:\/\/www.linkedin.com\/company\/rezooasso\/\"]}]}<\/script>\n<!-- \/ Yoast SEO plugin. -->","yoast_head_json":{"title":"Contact - Rezoo","robots":{"index":"index","follow":"follow","max-snippet":"max-snippet:-1","max-image-preview":"max-image-preview:large","max-video-preview":"max-video-preview:-1"},"canonical":"https:\/\/rezoo-asso.fr\/?page_id=525","og_locale":"fr_FR","og_type":"article","og_title":"Contact - Rezoo","og_description":"Contactez R\u00e9zoo Vous avez des questions, des id\u00e9es ou souhaitez rejoindre notre r\u00e9seau ? Contactez-nous !","og_url":"https:\/\/rezoo-asso.fr\/?page_id=525","og_site_name":"Rezoo","article_modified_time":"2025-07-03T19:56:27+00:00","og_image":[{"url":"http:\/\/rezoo-asso.fr\/wp-content\/uploads\/2025\/03\/logotype-web-1-1024x282.png","type":"","width":"","height":""}],"twitter_card":"summary_large_image","twitter_misc":{"Dur\u00e9e de lecture estim\u00e9e":"1 minute"},"schema":{"@context":"https:\/\/schema.org","@graph":[{"@type":"WebPage","@id":"https:\/\/rezoo-asso.fr\/?page_id=525","url":"https:\/\/rezoo-asso.fr\/?page_id=525","name":"Contact - Rezoo","isPartOf":{"@id":"http:\/\/rezoo-asso.fr\/#website"},"primaryImageOfPage":{"@id":"https:\/\/rezoo-asso.fr\/?page_id=525#primaryimage"},"image":{"@id":"https:\/\/rezoo-asso.fr\/?page_id=525#primaryimage"},"thumbnailUrl":"http:\/\/rezoo-asso.fr\/wp-content\/uploads\/2025\/03\/logotype-web-1-1024x282.png","datePublished":"2025-02-09T17:54:13+00:00","dateModified":"2025-07-03T19:56:27+00:00","breadcrumb":{"@id":"https:\/\/rezoo-asso.fr\/?page_id=525#breadcrumb"},"inLanguage":"fr-FR","potentialAction":[{"@type":"ReadAction","target":["https:\/\/rezoo-asso.fr\/?page_id=525"]}]},{"@type":"ImageObject","inLanguage":"fr-FR","@id":"https:\/\/rezoo-asso.fr\/?page_id=525#primaryimage","url":"https:\/\/rezoo-asso.fr\/wp-content\/uploads\/2025\/03\/logotype-web-1.png","contentUrl":"https:\/\/rezoo-asso.fr\/wp-content\/uploads\/2025\/03\/logotype-web-1.png","width":1080,"height":297},{"@type":"BreadcrumbList","@id":"https:\/\/rezoo-asso.fr\/?page_id=525#breadcrumb","itemListElement":[{"@type":"ListItem","position":1,"name":"Accueil","item":"http:\/\/rezoo-asso.fr\/"},{"@type":"ListItem","position":2,"name":"Contact"}]},{"@type":"WebSite","@id":"http:\/\/rezoo-asso.fr\/#website","url":"http:\/\/rezoo-asso.fr\/","name":"Rezoo","description":"Un site utilisant WordPress","publisher":{"@id":"http:\/\/rezoo-asso.fr\/#organization"},"potentialAction":[{"@type":"SearchAction","target":{"@type":"EntryPoint","urlTemplate":"http:\/\/rezoo-asso.fr\/?s={search_term_string}"},"query-input":{"@type":"PropertyValueSpecification","valueRequired":true,"valueName":"search_term_string"}}],"inLanguage":"fr-FR"},{"@type":"Organization","@id":"http:\/\/rezoo-asso.fr\/#organization","name":"Rezoo","url":"http:\/\/rezoo-asso.fr\/","logo":{"@type":"ImageObject","inLanguage":"fr-FR","@id":"http:\/\/rezoo-asso.fr\/#\/schema\/logo\/image\/","url":"https:\/\/rezoo-asso.fr\/wp-content\/uploads\/2025\/03\/cropped-ecru-2.png","contentUrl":"https:\/\/rezoo-asso.fr\/wp-content\/uploads\/2025\/03\/cropped-ecru-2.png","width":1079,"height":1080,"caption":"Rezoo"},"image":{"@id":"http:\/\/rezoo-asso.fr\/#\/schema\/logo\/image\/"},"sameAs":["https:\/\/www.instagram.com\/rezoo.asso\/","https:\/\/www.linkedin.com\/company\/rezooasso\/"]}]}},"_links":{"self":[{"href":"https:\/\/rezoo-asso.fr\/index.php?rest_route=\/wp\/v2\/pages\/525","targetHints":{"allow":["GET"]}}],"collection":[{"href":"https:\/\/rezoo-asso.fr\/index.php?rest_route=\/wp\/v2\/pages"}],"about":[{"href":"https:\/\/rezoo-asso.fr\/index.php?rest_route=\/wp\/v2\/types\/page"}],"author":[{"embeddable":true,"href":"https:\/\/rezoo-asso.fr\/index.php?rest_route=\/wp\/v2\/users\/1"}],"replies":[{"embeddable":true,"href":"https:\/\/rezoo-asso.fr\/index.php?rest_route=%2Fwp%2Fv2%2Fcomments&post=525"}],"version-history":[{"count":13,"href":"https:\/\/rezoo-asso.fr\/index.php?rest_route=\/wp\/v2\/pages\/525\/revisions"}],"predecessor-version":[{"id":1057,"href":"https:\/\/rezoo-asso.fr\/index.php?rest_route=\/wp\/v2\/pages\/525\/revisions\/1057"}],"wp:attachment":[{"href":"https:\/\/rezoo-asso.fr\/index.php?rest_route=%2Fwp%2Fv2%2Fmedia&parent=525"}],"curies":[{"name":"wp","href":"https:\/\/api.w.org\/{rel}","templated":true}]}}